{"id":144,"date":"2020-05-12T10:54:37","date_gmt":"2020-05-12T10:54:37","guid":{"rendered":"https:\/\/jupiterx.artbees.net\/yacht-rental\/?page_id=144"},"modified":"2024-06-20T17:51:55","modified_gmt":"2024-06-20T14:51:55","slug":"hakkimizda","status":"publish","type":"page","link":"https:\/\/gocekseajourney.com\/en\/hakkimizda\/","title":{"rendered":"About Us"},"content":{"rendered":"<div data-elementor-type=\"wp-page\" data-elementor-id=\"144\" class=\"elementor elementor-144\" data-elementor-post-type=\"page\">\n\t\t\t\t\t\t<section class=\"elementor-section elementor-top-section elementor-element elementor-element-5141092 elementor-section-full_width elementor-section-stretched elementor-section-height-default elementor-section-height-default\" data-id=\"5141092\" data-element_type=\"section\" data-e-type=\"section\" data-settings=\"{&quot;jet_parallax_layout_list&quot;:[{&quot;jet_parallax_layout_image&quot;:{&quot;url&quot;:&quot;&quot;,&quot;id&quot;:&quot;&quot;,&quot;size&quot;:&quot;&quot;},&quot;_id&quot;:&quot;0ad9a0d&quot;,&quot;jet_parallax_layout_image_tablet&quot;:{&quot;url&quot;:&quot;&quot;,&quot;id&quot;:&quot;&quot;,&quot;size&quot;:&quot;&quot;},&quot;jet_parallax_layout_image_mobile&quot;:{&quot;url&quot;:&quot;&quot;,&quot;id&quot;:&quot;&quot;,&quot;size&quot;:&quot;&quot;},&quot;jet_parallax_layout_speed&quot;:{&quot;unit&quot;:&quot;%&quot;,&quot;size&quot;:50,&quot;sizes&quot;:[]},&quot;jet_parallax_layout_type&quot;:&quot;scroll&quot;,&quot;jet_parallax_layout_direction&quot;:null,&quot;jet_parallax_layout_fx_direction&quot;:null,&quot;jet_parallax_layout_z_index&quot;:&quot;&quot;,&quot;jet_parallax_layout_bg_x&quot;:50,&quot;jet_parallax_layout_bg_x_tablet&quot;:&quot;&quot;,&quot;jet_parallax_layout_bg_x_mobile&quot;:&quot;&quot;,&quot;jet_parallax_layout_bg_y&quot;:50,&quot;jet_parallax_layout_bg_y_tablet&quot;:&quot;&quot;,&quot;jet_parallax_layout_bg_y_mobile&quot;:&quot;&quot;,&quot;jet_parallax_layout_bg_size&quot;:&quot;auto&quot;,&quot;jet_parallax_layout_bg_size_tablet&quot;:&quot;&quot;,&quot;jet_parallax_layout_bg_size_mobile&quot;:&quot;&quot;,&quot;jet_parallax_layout_animation_prop&quot;:&quot;transform&quot;,&quot;jet_parallax_layout_on&quot;:[&quot;desktop&quot;,&quot;tablet&quot;]}],&quot;background_background&quot;:&quot;classic&quot;,&quot;stretch_section&quot;:&quot;section-stretched&quot;}\">\n\t\t\t\t\t\t<div class=\"elementor-container elementor-column-gap-no\">\n\t\t\t\t\t<div class=\"elementor-column elementor-col-100 elementor-top-column elementor-element elementor-element-6dd9f00\" data-id=\"6dd9f00\" data-element_type=\"column\" data-e-type=\"column\">\n\t\t\t<div class=\"elementor-widget-wrap elementor-element-populated\">\n\t\t\t\t\t\t<div class=\"elementor-element elementor-element-49fc2bb elementor-widget elementor-widget-heading\" data-id=\"49fc2bb\" data-element_type=\"widget\" data-e-type=\"widget\" data-widget_type=\"heading.default\">\n\t\t\t\t<div class=\"elementor-widget-container\">\n\t\t\t\t\t<h6 class=\"elementor-heading-title elementor-size-default\">Personalised yacht holiday<\/h6>\t\t\t\t<\/div>\n\t\t\t\t<\/div>\n\t\t\t\t<div class=\"elementor-element elementor-element-38afc00 elementor-widget elementor-widget-heading\" data-id=\"38afc00\" data-element_type=\"widget\" data-e-type=\"widget\" data-widget_type=\"heading.default\">\n\t\t\t\t<div class=\"elementor-widget-container\">\n\t\t\t\t\t<h2 class=\"elementor-heading-title elementor-size-default\">Your Dreams, Our Job<\/h2>\t\t\t\t<\/div>\n\t\t\t\t<\/div>\n\t\t\t\t\t<\/div>\n\t\t<\/div>\n\t\t\t\t\t<\/div>\n\t\t<\/section>\n\t\t\t\t<section class=\"elementor-section elementor-top-section elementor-element elementor-element-5bbafa2 elementor-section-full_width elementor-section-height-default elementor-section-height-default\" data-id=\"5bbafa2\" data-element_type=\"section\" data-e-type=\"section\" data-settings=\"{&quot;jet_parallax_layout_list&quot;:[]}\">\n\t\t\t\t\t\t<div class=\"elementor-container elementor-column-gap-default\">\n\t\t\t\t\t<div class=\"elementor-column elementor-col-50 elementor-top-column elementor-element elementor-element-f014e34\" data-id=\"f014e34\" data-element_type=\"column\" data-e-type=\"column\">\n\t\t\t<div class=\"elementor-widget-wrap elementor-element-populated\">\n\t\t\t\t\t\t<div class=\"elementor-element elementor-element-28da17b elementor-widget elementor-widget-image\" data-id=\"28da17b\" data-element_type=\"widget\" data-e-type=\"widget\" data-widget_type=\"image.default\">\n\t\t\t\t<div class=\"elementor-widget-container\">\n\t\t\t\t\t\t\t\t\t\t\t\t\t\t\t<img fetchpriority=\"high\" decoding=\"async\" width=\"1024\" height=\"768\" src=\"https:\/\/gocekseajourney.com\/wp-content\/uploads\/2024\/06\/Gocek-journey-team-1024x768.jpg\" class=\"attachment-large size-large wp-image-2176\" alt=\"\" srcset=\"https:\/\/gocekseajourney.com\/wp-content\/uploads\/2024\/06\/Gocek-journey-team-1024x768.jpg 1024w, https:\/\/gocekseajourney.com\/wp-content\/uploads\/2024\/06\/Gocek-journey-team-300x225.jpg 300w, https:\/\/gocekseajourney.com\/wp-content\/uploads\/2024\/06\/Gocek-journey-team-768x576.jpg 768w, https:\/\/gocekseajourney.com\/wp-content\/uploads\/2024\/06\/Gocek-journey-team-1536x1152.jpg 1536w, https:\/\/gocekseajourney.com\/wp-content\/uploads\/2024\/06\/Gocek-journey-team-16x12.jpg 16w, https:\/\/gocekseajourney.com\/wp-content\/uploads\/2024\/06\/Gocek-journey-team.jpg 1600w\" sizes=\"(max-width: 1024px) 100vw, 1024px\" \/>\t\t\t\t\t\t\t\t\t\t\t\t\t\t\t<\/div>\n\t\t\t\t<\/div>\n\t\t\t\t\t<\/div>\n\t\t<\/div>\n\t\t\t\t<div class=\"elementor-column elementor-col-50 elementor-top-column elementor-element elementor-element-41449c8\" data-id=\"41449c8\" data-element_type=\"column\" data-e-type=\"column\">\n\t\t\t<div class=\"elementor-widget-wrap elementor-element-populated\">\n\t\t\t\t\t\t<div class=\"elementor-element elementor-element-aa09408 elementor-widget elementor-widget-text-editor\" data-id=\"aa09408\" data-element_type=\"widget\" data-e-type=\"widget\" data-widget_type=\"text-editor.default\">\n\t\t\t\t<div class=\"elementor-widget-container\">\n\t\t\t\t\t\t\t\t\t<p>Sea Journey - your reliable partner in organizing an unforgettable vacation in Gyeke. Located in the heart of this amazing resort town, we are proud to personally meet each of our clients before the start of the tour. This special approach allows us to accurately understand your preferences and provide top-notch individual service.<\/p><p>We are the only company in Gyeke offering full support in three languages. This means that regardless of your preferred language of communication, you can be sure that we will always be there, ready to help in any situation.<\/p><p>But that's not all. We pay special attention to the quality of our yachts. Every boat and catamaran available for rent undergoes strict quality control. Our team personally checks each boat to ensure its impeccable condition. We also take unique photos and videos so you can see and evaluate the quality of our boats even before embarking on a sea adventure.<\/p><p>Join us today and discover the world of luxury, comfort, and carefree relaxation on the waters of Gocek with Sea Journey. Trust us with your sea adventure, and we will make it\u00a0unforgettable!<\/p>\t\t\t\t\t\t\t\t<\/div>\n\t\t\t\t<\/div>\n\t\t\t\t\t<\/div>\n\t\t<\/div>\n\t\t\t\t\t<\/div>\n\t\t<\/section>\n\t\t\t\t<\/div>","protected":false},"excerpt":{"rendered":"<p>Ki\u015fiye \u00f6zel yat tatili Sizin Hayalleriniz, Bizim \u0130\u015fimiz Sea Journey &#8211; unutulmaz bir tatil i\u00e7in g\u00fcvenilir orta\u011f\u0131n\u0131z Gocek&#8217;te. Bu harika tatil beldesinin kalbinde bulunan, tura ba\u015flamadan \u00f6nce her bir m\u00fc\u015fterimizi ki\u015fisel olarak kar\u015f\u0131lamaktan gurur duyuyoruz. Bu \u00f6zel yakla\u015f\u0131m, tercihlerinizi do\u011fru bir \u015fekilde anlamam\u0131z\u0131 ve en \u00fcst d\u00fczeyde bireysel hizmet sunmam\u0131z\u0131 sa\u011flar. Gyeke&#8217;de \u00fc\u00e7 dilde tam [&hellip;]<\/p>","protected":false},"author":1,"featured_media":2280,"parent":0,"menu_order":0,"comment_status":"closed","ping_status":"closed","template":"full-width.php","meta":{"_acf_changed":false,"footnotes":""},"class_list":["post-144","page","type-page","status-publish","has-post-thumbnail","hentry"],"acf":[],"_links":{"self":[{"href":"https:\/\/gocekseajourney.com\/en\/wp-json\/wp\/v2\/pages\/144","targetHints":{"allow":["GET"]}}],"collection":[{"href":"https:\/\/gocekseajourney.com\/en\/wp-json\/wp\/v2\/pages"}],"about":[{"href":"https:\/\/gocekseajourney.com\/en\/wp-json\/wp\/v2\/types\/page"}],"author":[{"embeddable":true,"href":"https:\/\/gocekseajourney.com\/en\/wp-json\/wp\/v2\/users\/1"}],"replies":[{"embeddable":true,"href":"https:\/\/gocekseajourney.com\/en\/wp-json\/wp\/v2\/comments?post=144"}],"version-history":[{"count":64,"href":"https:\/\/gocekseajourney.com\/en\/wp-json\/wp\/v2\/pages\/144\/revisions"}],"predecessor-version":[{"id":2215,"href":"https:\/\/gocekseajourney.com\/en\/wp-json\/wp\/v2\/pages\/144\/revisions\/2215"}],"wp:featuredmedia":[{"embeddable":true,"href":"https:\/\/gocekseajourney.com\/en\/wp-json\/wp\/v2\/media\/2280"}],"wp:attachment":[{"href":"https:\/\/gocekseajourney.com\/en\/wp-json\/wp\/v2\/media?parent=144"}],"curies":[{"name":"wp","href":"https:\/\/api.w.org\/{rel}","templated":true}]}}